{"id":2028,"date":"2025-02-04T14:53:53","date_gmt":"2025-02-04T13:53:53","guid":{"rendered":"https:\/\/www.transuisse.it\/?page_id=2028"},"modified":"2026-04-28T09:33:18","modified_gmt":"2026-04-28T07:33:18","slug":"blog","status":"publish","type":"page","link":"https:\/\/www.transuisse.it\/de\/blog\/","title":{"rendered":"Blog"},"content":{"rendered":"\t\t<div data-elementor-type=\"wp-page\" data-elementor-id=\"2028\" class=\"elementor elementor-2028 elementor-457\" data-elementor-post-type=\"page\">\n\t\t\t\t\t\t<section class=\"elementor-section elementor-top-section elementor-element elementor-element-1e68ede elementor-section-full_width elementor-section-height-default elementor-section-height-default\" data-id=\"1e68ede\" data-element_type=\"section\" data-e-type=\"section\" data-settings=\"{&quot;background_background&quot;:&quot;classic&quot;}\">\n\t\t\t\t\t\t\t<div class=\"elementor-background-overlay\"><\/div>\n\t\t\t\t\t\t\t<div class=\"elementor-container elementor-column-gap-default\">\n\t\t\t\t\t<div class=\"elementor-column elementor-col-100 elementor-top-column elementor-element elementor-element-34d2bb6\" data-id=\"34d2bb6\" data-element_type=\"column\" data-e-type=\"column\">\n\t\t\t<div class=\"elementor-widget-wrap elementor-element-populated\">\n\t\t\t\t\t\t<section class=\"elementor-section elementor-inner-section elementor-element elementor-element-f03dd20 elementor-section-boxed elementor-section-height-default elementor-section-height-default\" data-id=\"f03dd20\" data-element_type=\"section\" data-e-type=\"section\">\n\t\t\t\t\t\t<div class=\"elementor-container elementor-column-gap-default\">\n\t\t\t\t\t<div class=\"elementor-column elementor-col-100 elementor-inner-column elementor-element elementor-element-13599e2\" data-id=\"13599e2\" data-element_type=\"column\" data-e-type=\"column\">\n\t\t\t<div class=\"elementor-widget-wrap elementor-element-populated\">\n\t\t\t\t\t\t<div class=\"elementor-element elementor-element-80dc4f8 elementor-align-center breadhead elementor-widget elementor-widget-breadcrumbs\" data-id=\"80dc4f8\" data-element_type=\"widget\" data-e-type=\"widget\" data-widget_type=\"breadcrumbs.default\">\n\t\t\t\t<div class=\"elementor-widget-container\">\n\t\t\t\t\t<span id=\"breadcrumbs\"><\/span>\t\t\t\t<\/div>\n\t\t\t\t<\/div>\n\t\t\t\t<div class=\"elementor-element elementor-element-0791193 elementor-widget elementor-widget-heading\" data-id=\"0791193\" data-element_type=\"widget\" data-e-type=\"widget\" data-widget_type=\"heading.default\">\n\t\t\t\t<div class=\"elementor-widget-container\">\n\t\t\t\t\t<h1 class=\"elementor-heading-title elementor-size-default\">LOGISTIK, TRANSPORT UND ZOLL: <BR \/>\n<span class=\"leggero\"> Einblicke und Tipps f\u00fcr Ihre internationalen Transporte<\/span>\n\n<\/h1>\t\t\t\t<\/div>\n\t\t\t\t<\/div>\n\t\t\t\t\t<\/div>\n\t\t<\/div>\n\t\t\t\t\t<\/div>\n\t\t<\/section>\n\t\t\t\t\t<\/div>\n\t\t<\/div>\n\t\t\t\t\t<\/div>\n\t\t<\/section>\n\t\t\t\t<section class=\"elementor-section elementor-top-section elementor-element elementor-element-8449590 elementor-section-boxed elementor-section-height-default elementor-section-height-default\" data-id=\"8449590\" data-element_type=\"section\" data-e-type=\"section\" data-settings=\"{&quot;background_background&quot;:&quot;classic&quot;}\">\n\t\t\t\t\t\t\t<div class=\"elementor-background-overlay\"><\/div>\n\t\t\t\t\t\t\t<div class=\"elementor-container elementor-column-gap-default\">\n\t\t\t\t\t<div class=\"elementor-column elementor-col-100 elementor-top-column elementor-element elementor-element-57e8e81\" data-id=\"57e8e81\" data-element_type=\"column\" data-e-type=\"column\">\n\t\t\t<div class=\"elementor-widget-wrap elementor-element-populated\">\n\t\t\t\t\t\t<div class=\"elementor-element elementor-element-e6ddadb elementor-widget-divider--view-line_icon elementor-view-default elementor-widget-divider--element-align-center elementor-widget elementor-widget-divider\" data-id=\"e6ddadb\" data-element_type=\"widget\" data-e-type=\"widget\" data-widget_type=\"divider.default\">\n\t\t\t\t<div class=\"elementor-widget-container\">\n\t\t\t\t\t\t\t<div class=\"elementor-divider\">\n\t\t\t<span class=\"elementor-divider-separator\">\n\t\t\t\t\t\t\t<div class=\"elementor-icon elementor-divider__element\">\n\t\t\t\t\t<svg xmlns=\"http:\/\/www.w3.org\/2000\/svg\" width=\"47.045\" height=\"38.968\" viewBox=\"0 0 47.045 38.968\"><g id=\"Raggruppa_260\" data-name=\"Raggruppa 260\" transform=\"translate(0 38.968) rotate(-90)\"><rect id=\"Rettangolo_195\" data-name=\"Rettangolo 195\" width=\"38.968\" height=\"9.443\" transform=\"translate(0 -0.001)\" fill=\"#bf0413\"><\/rect><rect id=\"Rettangolo_196\" data-name=\"Rettangolo 196\" width=\"38.968\" height=\"9.443\" transform=\"translate(0 37.601)\" fill=\"#bf0413\"><\/rect><rect id=\"Rettangolo_197\" data-name=\"Rettangolo 197\" width=\"24.616\" height=\"9.443\" transform=\"translate(0 18.8)\" fill=\"#bf0413\"><\/rect><\/g><\/svg><\/div>\n\t\t\t\t\t\t<\/span>\n\t\t<\/div>\n\t\t\t\t\t\t<\/div>\n\t\t\t\t<\/div>\n\t\t\t\t<div class=\"elementor-element elementor-element-11648cc elementor-widget elementor-widget-text-editor\" data-id=\"11648cc\" data-element_type=\"widget\" data-e-type=\"widget\" data-widget_type=\"text-editor.default\">\n\t\t\t\t<div class=\"elementor-widget-container\">\n\t\t\t\t\t\t\t\t\t<p>Die Welt der <strong>internationalen Transporte<\/strong> und der <strong>grenz\u00fcberschreitenden Logistik<\/strong> kann sehr komplex sein. In dieser Sektion finden <strong>Sie ausf\u00fchrliche Informationen, praktische Leitf\u00e4den und n\u00fctzliche Ratschl\u00e4ge<\/strong>, wie Sie Ihre Transport-, Zoll- und Logistikvorg\u00e4nge am besten verwalten k\u00f6nnen.<\/p><p>Ob Sie Informationen zu den <strong>Zollverfahren zwischen Italien und der Schweiz<\/strong>, zu den <strong>besten Transportl\u00f6sungen auf dem See-, Luft- oder Stra\u00dfenweg oder zur Optimierung des Managements Ihrer Lieferkette<\/strong> suchen, hier sind Sie richtig.<\/p>\t\t\t\t\t\t\t\t<\/div>\n\t\t\t\t<\/div>\n\t\t\t\t<section class=\"elementor-section elementor-inner-section elementor-element elementor-element-aaa91a3 elementor-section-full_width elementor-section-height-default elementor-section-height-default\" data-id=\"aaa91a3\" data-element_type=\"section\" data-e-type=\"section\">\n\t\t\t\t\t\t<div class=\"elementor-container elementor-column-gap-default\">\n\t\t\t\t\t<div class=\"elementor-column elementor-col-33 elementor-inner-column elementor-element elementor-element-d815c02\" data-id=\"d815c02\" data-element_type=\"column\" data-e-type=\"column\">\n\t\t\t<div class=\"elementor-widget-wrap elementor-element-populated\">\n\t\t\t\t\t\t<div class=\"elementor-element elementor-element-3e975a9 elementor-widget elementor-widget-image\" data-id=\"3e975a9\" data-element_type=\"widget\" data-e-type=\"widget\" data-widget_type=\"image.default\">\n\t\t\t\t<div class=\"elementor-widget-container\">\n\t\t\t\t\t\t\t\t\t\t\t\t\t\t\t<img decoding=\"async\" width=\"89\" height=\"89\" src=\"https:\/\/www.transuisse.it\/wp-content\/uploads\/2025\/01\/1.png\" class=\"attachment-large size-large wp-image-2085\" alt=\"Uno - Transuisse\" \/>\t\t\t\t\t\t\t\t\t\t\t\t\t\t\t<\/div>\n\t\t\t\t<\/div>\n\t\t\t\t<div class=\"elementor-element elementor-element-842838c elementor-widget elementor-widget-heading\" data-id=\"842838c\" data-element_type=\"widget\" data-e-type=\"widget\" data-widget_type=\"heading.default\">\n\t\t\t\t<div class=\"elementor-widget-container\">\n\t\t\t\t\t<h4 class=\"elementor-heading-title elementor-size-default\">Entdecken Sie die  <b class=\"rosso\">neuesten Branchennachrichten<\/b> \n\n<\/h4>\t\t\t\t<\/div>\n\t\t\t\t<\/div>\n\t\t\t\t\t<\/div>\n\t\t<\/div>\n\t\t\t\t<div class=\"elementor-column elementor-col-33 elementor-inner-column elementor-element elementor-element-97af715\" data-id=\"97af715\" data-element_type=\"column\" data-e-type=\"column\">\n\t\t\t<div class=\"elementor-widget-wrap elementor-element-populated\">\n\t\t\t\t\t\t<div class=\"elementor-element elementor-element-23bac41 elementor-widget elementor-widget-image\" data-id=\"23bac41\" data-element_type=\"widget\" data-e-type=\"widget\" data-widget_type=\"image.default\">\n\t\t\t\t<div class=\"elementor-widget-container\">\n\t\t\t\t\t\t\t\t\t\t\t\t\t\t\t<img decoding=\"async\" width=\"89\" height=\"89\" src=\"https:\/\/www.transuisse.it\/wp-content\/uploads\/2025\/01\/2.png\" class=\"attachment-large size-large wp-image-2086\" alt=\"Due - Transuisse\" \/>\t\t\t\t\t\t\t\t\t\t\t\t\t\t\t<\/div>\n\t\t\t\t<\/div>\n\t\t\t\t<div class=\"elementor-element elementor-element-7cac919 elementor-widget elementor-widget-heading\" data-id=\"7cac919\" data-element_type=\"widget\" data-e-type=\"widget\" data-widget_type=\"heading.default\">\n\t\t\t\t<div class=\"elementor-widget-container\">\n\t\t\t\t\t<h3 class=\"elementor-heading-title elementor-size-default\">Lesen Sie unsere <b class=\"rosso\">  praktischen Leitf\u00e4den <\/b> f\u00fcr einen sorglosen Versand\n\n<\/h3>\t\t\t\t<\/div>\n\t\t\t\t<\/div>\n\t\t\t\t\t<\/div>\n\t\t<\/div>\n\t\t\t\t<div class=\"elementor-column elementor-col-33 elementor-inner-column elementor-element elementor-element-1b11d36\" data-id=\"1b11d36\" data-element_type=\"column\" data-e-type=\"column\">\n\t\t\t<div class=\"elementor-widget-wrap elementor-element-populated\">\n\t\t\t\t\t\t<div class=\"elementor-element elementor-element-8be1188 elementor-widget elementor-widget-image\" data-id=\"8be1188\" data-element_type=\"widget\" data-e-type=\"widget\" data-widget_type=\"image.default\">\n\t\t\t\t<div class=\"elementor-widget-container\">\n\t\t\t\t\t\t\t\t\t\t\t\t\t\t\t<img decoding=\"async\" width=\"89\" height=\"89\" src=\"https:\/\/www.transuisse.it\/wp-content\/uploads\/2025\/01\/3.png\" class=\"attachment-large size-large wp-image-2083\" alt=\"Tre - Transuisse\" \/>\t\t\t\t\t\t\t\t\t\t\t\t\t\t\t<\/div>\n\t\t\t\t<\/div>\n\t\t\t\t<div class=\"elementor-element elementor-element-3ba7775 elementor-widget elementor-widget-heading\" data-id=\"3ba7775\" data-element_type=\"widget\" data-e-type=\"widget\" data-widget_type=\"heading.default\">\n\t\t\t\t<div class=\"elementor-widget-container\">\n\t\t\t\t\t<h3 class=\"elementor-heading-title elementor-size-default\">Erfahren Sie mehr \u00fcber die <b class=\"rosso\">Zollbestimmungen mit<\/b> klaren und aktuellen Erkl\u00e4rungen\n\n\n<\/h3>\t\t\t\t<\/div>\n\t\t\t\t<\/div>\n\t\t\t\t\t<\/div>\n\t\t<\/div>\n\t\t\t\t\t<\/div>\n\t\t<\/section>\n\t\t\t\t\t<\/div>\n\t\t<\/div>\n\t\t\t\t\t<\/div>\n\t\t<\/section>\n\t\t\t\t<section class=\"elementor-section elementor-top-section elementor-element elementor-element-e281445 elementor-section-full_width elementor-hidden-desktop elementor-hidden-tablet elementor-hidden-mobile elementor-section-height-default elementor-section-height-default\" data-id=\"e281445\" data-element_type=\"section\" data-e-type=\"section\" data-settings=\"{&quot;background_background&quot;:&quot;classic&quot;}\">\n\t\t\t\t\t\t\t<div class=\"elementor-background-overlay\"><\/div>\n\t\t\t\t\t\t\t<div class=\"elementor-container elementor-column-gap-default\">\n\t\t\t\t\t<div class=\"elementor-column elementor-col-100 elementor-top-column elementor-element elementor-element-209c00e\" data-id=\"209c00e\" data-element_type=\"column\" data-e-type=\"column\">\n\t\t\t<div class=\"elementor-widget-wrap elementor-element-populated\">\n\t\t\t\t\t\t<div class=\"elementor-element elementor-element-d83b903 elementor-grid-4 elementor-grid-tablet-2 elementor-grid-mobile-1 elementor-posts--thumbnail-top elementor-card-shadow-yes elementor-posts__hover-gradient elementor-widget elementor-widget-archive-posts\" data-id=\"d83b903\" data-element_type=\"widget\" data-e-type=\"widget\" data-settings=\"{&quot;archive_cards_columns&quot;:&quot;4&quot;,&quot;archive_cards_columns_tablet&quot;:&quot;2&quot;,&quot;archive_cards_columns_mobile&quot;:&quot;1&quot;,&quot;archive_cards_row_gap&quot;:{&quot;unit&quot;:&quot;px&quot;,&quot;size&quot;:35,&quot;sizes&quot;:[]},&quot;archive_cards_row_gap_tablet&quot;:{&quot;unit&quot;:&quot;px&quot;,&quot;size&quot;:&quot;&quot;,&quot;sizes&quot;:[]},&quot;archive_cards_row_gap_mobile&quot;:{&quot;unit&quot;:&quot;px&quot;,&quot;size&quot;:&quot;&quot;,&quot;sizes&quot;:[]}}\" data-widget_type=\"archive-posts.archive_cards\">\n\t\t\t\t<div class=\"elementor-widget-container\">\n\t\t\t\t\t\t\t<div class=\"elementor-posts-container elementor-posts elementor-posts--skin-cards elementor-grid\" role=\"list\">\n\t\t\t\t\t\t<div class=\"elementor-posts-nothing-found\">\n\t\t\t\t\tSembra che non riusciamo a trovare quello che stai cercando.\t\t\t\t<\/div>\n\t\t\t\t\t<\/div>\n\t\t\n\t\t\t\t\t\t<\/div>\n\t\t\t\t<\/div>\n\t\t\t\t\t<\/div>\n\t\t<\/div>\n\t\t\t\t\t<\/div>\n\t\t<\/section>\n\t\t\t\t<\/div>\n\t\t","protected":false},"excerpt":{"rendered":"<p>LOGISTIK, TRANSPORT UND ZOLL: Einblicke und Tipps f\u00fcr Ihre internationalen Transporte Die Welt der internationalen Transporte und der grenz\u00fcberschreitenden Logistik kann sehr komplex sein. In dieser Sektion finden Sie ausf\u00fchrliche Informationen, praktische Leitf\u00e4den und n\u00fctzliche Ratschl\u00e4ge, wie Sie Ihre Transport-, Zoll- und Logistikvorg\u00e4nge am besten verwalten k\u00f6nnen. Ob Sie Informationen zu den Zollverfahren zwischen Italien [&hellip;]<\/p>\n","protected":false},"author":1,"featured_media":0,"parent":0,"menu_order":0,"comment_status":"closed","ping_status":"closed","template":"","meta":{"footnotes":"","_wp_rev_ctl_limit":""},"class_list":["post-2028","page","type-page","status-publish","hentry"],"yoast_head":"<!-- This site is optimized with the Yoast SEO plugin v27.5 - https:\/\/yoast.com\/product\/yoast-seo-wordpress\/ -->\n<title>Blog - Transuisse<\/title>\n<meta name=\"description\" content=\"Entdecken Sie Leitf\u00e4den, Hintergrundinformationen und Tipps zu Logistik, Transport und Zoll, um internationale Sendungen und Supply Chain optimal zu steuern.\" \/>\n<meta name=\"robots\" content=\"index, follow, max-snippet:-1, max-image-preview:large, max-video-preview:-1\" \/>\n<link rel=\"canonical\" href=\"https:\/\/www.transuisse.it\/blog\/\" \/>\n<meta property=\"og:locale\" content=\"de_DE\" \/>\n<meta property=\"og:type\" content=\"article\" \/>\n<meta property=\"og:title\" content=\"Blog - Transuisse\" \/>\n<meta property=\"og:description\" content=\"Entdecken Sie Leitf\u00e4den, Hintergrundinformationen und Tipps zu Logistik, Transport und Zoll, um internationale Sendungen und Supply Chain optimal zu steuern.\" \/>\n<meta property=\"og:url\" content=\"https:\/\/www.transuisse.it\/blog\/\" \/>\n<meta property=\"og:site_name\" content=\"Transuisse\" \/>\n<meta property=\"article:modified_time\" content=\"2026-04-28T07:33:18+00:00\" \/>\n<meta property=\"og:image\" content=\"https:\/\/www.transuisse.it\/wp-content\/uploads\/2025\/01\/1.png\" \/>\n\t<meta property=\"og:image:width\" content=\"89\" \/>\n\t<meta property=\"og:image:height\" content=\"89\" \/>\n\t<meta property=\"og:image:type\" content=\"image\/png\" \/>\n<meta name=\"twitter:card\" content=\"summary_large_image\" \/>\n<script type=\"application\/ld+json\" class=\"yoast-schema-graph\">{\"@context\":\"https:\\\/\\\/schema.org\",\"@graph\":[{\"@type\":\"WebPage\",\"@id\":\"https:\\\/\\\/www.transuisse.it\\\/blog\\\/\",\"url\":\"https:\\\/\\\/www.transuisse.it\\\/blog\\\/\",\"name\":\"Blog - Transuisse\",\"isPartOf\":{\"@id\":\"https:\\\/\\\/www.transuisse.it\\\/#website\"},\"primaryImageOfPage\":{\"@id\":\"https:\\\/\\\/www.transuisse.it\\\/blog\\\/#primaryimage\"},\"image\":{\"@id\":\"https:\\\/\\\/www.transuisse.it\\\/blog\\\/#primaryimage\"},\"thumbnailUrl\":\"https:\\\/\\\/www.transuisse.it\\\/wp-content\\\/uploads\\\/2025\\\/01\\\/1.png\",\"datePublished\":\"2025-02-04T13:53:53+00:00\",\"dateModified\":\"2026-04-28T07:33:18+00:00\",\"description\":\"Entdecken Sie Leitf\u00e4den, Hintergrundinformationen und Tipps zu Logistik, Transport und Zoll, um internationale Sendungen und Supply Chain optimal zu steuern.\",\"inLanguage\":\"de\",\"potentialAction\":[{\"@type\":\"ReadAction\",\"target\":[\"https:\\\/\\\/www.transuisse.it\\\/blog\\\/\"]}]},{\"@type\":\"ImageObject\",\"inLanguage\":\"de\",\"@id\":\"https:\\\/\\\/www.transuisse.it\\\/blog\\\/#primaryimage\",\"url\":\"https:\\\/\\\/www.transuisse.it\\\/wp-content\\\/uploads\\\/2025\\\/01\\\/1.png\",\"contentUrl\":\"https:\\\/\\\/www.transuisse.it\\\/wp-content\\\/uploads\\\/2025\\\/01\\\/1.png\"},{\"@type\":\"WebSite\",\"@id\":\"https:\\\/\\\/www.transuisse.it\\\/#website\",\"url\":\"https:\\\/\\\/www.transuisse.it\\\/\",\"name\":\"Transuisse\",\"description\":\"Custom agency forwarding\",\"publisher\":{\"@id\":\"https:\\\/\\\/www.transuisse.it\\\/#organization\"},\"potentialAction\":[{\"@type\":\"SearchAction\",\"target\":{\"@type\":\"EntryPoint\",\"urlTemplate\":\"https:\\\/\\\/www.transuisse.it\\\/?s={search_term_string}\"},\"query-input\":{\"@type\":\"PropertyValueSpecification\",\"valueRequired\":true,\"valueName\":\"search_term_string\"}}],\"inLanguage\":\"de\"},{\"@type\":\"Organization\",\"@id\":\"https:\\\/\\\/www.transuisse.it\\\/#organization\",\"name\":\"Transuisse\",\"url\":\"https:\\\/\\\/www.transuisse.it\\\/\",\"logo\":{\"@type\":\"ImageObject\",\"inLanguage\":\"de\",\"@id\":\"https:\\\/\\\/www.transuisse.it\\\/#\\\/schema\\\/logo\\\/image\\\/\",\"url\":\"https:\\\/\\\/www.transuisse.it\\\/wp-content\\\/uploads\\\/2026\\\/04\\\/transuisse-Customs-Agency-Forwarding-logo.png\",\"contentUrl\":\"https:\\\/\\\/www.transuisse.it\\\/wp-content\\\/uploads\\\/2026\\\/04\\\/transuisse-Customs-Agency-Forwarding-logo.png\",\"width\":600,\"height\":102,\"caption\":\"Transuisse\"},\"image\":{\"@id\":\"https:\\\/\\\/www.transuisse.it\\\/#\\\/schema\\\/logo\\\/image\\\/\"}}]}<\/script>\n<!-- \/ Yoast SEO plugin. -->","yoast_head_json":{"title":"Blog - Transuisse","description":"Entdecken Sie Leitf\u00e4den, Hintergrundinformationen und Tipps zu Logistik, Transport und Zoll, um internationale Sendungen und Supply Chain optimal zu steuern.","robots":{"index":"index","follow":"follow","max-snippet":"max-snippet:-1","max-image-preview":"max-image-preview:large","max-video-preview":"max-video-preview:-1"},"canonical":"https:\/\/www.transuisse.it\/blog\/","og_locale":"de_DE","og_type":"article","og_title":"Blog - Transuisse","og_description":"Entdecken Sie Leitf\u00e4den, Hintergrundinformationen und Tipps zu Logistik, Transport und Zoll, um internationale Sendungen und Supply Chain optimal zu steuern.","og_url":"https:\/\/www.transuisse.it\/blog\/","og_site_name":"Transuisse","article_modified_time":"2026-04-28T07:33:18+00:00","og_image":[{"width":89,"height":89,"url":"https:\/\/www.transuisse.it\/wp-content\/uploads\/2025\/01\/1.png","type":"image\/png"}],"twitter_card":"summary_large_image","schema":{"@context":"https:\/\/schema.org","@graph":[{"@type":"WebPage","@id":"https:\/\/www.transuisse.it\/blog\/","url":"https:\/\/www.transuisse.it\/blog\/","name":"Blog - Transuisse","isPartOf":{"@id":"https:\/\/www.transuisse.it\/#website"},"primaryImageOfPage":{"@id":"https:\/\/www.transuisse.it\/blog\/#primaryimage"},"image":{"@id":"https:\/\/www.transuisse.it\/blog\/#primaryimage"},"thumbnailUrl":"https:\/\/www.transuisse.it\/wp-content\/uploads\/2025\/01\/1.png","datePublished":"2025-02-04T13:53:53+00:00","dateModified":"2026-04-28T07:33:18+00:00","description":"Entdecken Sie Leitf\u00e4den, Hintergrundinformationen und Tipps zu Logistik, Transport und Zoll, um internationale Sendungen und Supply Chain optimal zu steuern.","inLanguage":"de","potentialAction":[{"@type":"ReadAction","target":["https:\/\/www.transuisse.it\/blog\/"]}]},{"@type":"ImageObject","inLanguage":"de","@id":"https:\/\/www.transuisse.it\/blog\/#primaryimage","url":"https:\/\/www.transuisse.it\/wp-content\/uploads\/2025\/01\/1.png","contentUrl":"https:\/\/www.transuisse.it\/wp-content\/uploads\/2025\/01\/1.png"},{"@type":"WebSite","@id":"https:\/\/www.transuisse.it\/#website","url":"https:\/\/www.transuisse.it\/","name":"Transuisse","description":"Custom agency forwarding","publisher":{"@id":"https:\/\/www.transuisse.it\/#organization"},"potentialAction":[{"@type":"SearchAction","target":{"@type":"EntryPoint","urlTemplate":"https:\/\/www.transuisse.it\/?s={search_term_string}"},"query-input":{"@type":"PropertyValueSpecification","valueRequired":true,"valueName":"search_term_string"}}],"inLanguage":"de"},{"@type":"Organization","@id":"https:\/\/www.transuisse.it\/#organization","name":"Transuisse","url":"https:\/\/www.transuisse.it\/","logo":{"@type":"ImageObject","inLanguage":"de","@id":"https:\/\/www.transuisse.it\/#\/schema\/logo\/image\/","url":"https:\/\/www.transuisse.it\/wp-content\/uploads\/2026\/04\/transuisse-Customs-Agency-Forwarding-logo.png","contentUrl":"https:\/\/www.transuisse.it\/wp-content\/uploads\/2026\/04\/transuisse-Customs-Agency-Forwarding-logo.png","width":600,"height":102,"caption":"Transuisse"},"image":{"@id":"https:\/\/www.transuisse.it\/#\/schema\/logo\/image\/"}}]}},"_links":{"self":[{"href":"https:\/\/www.transuisse.it\/de\/wp-json\/wp\/v2\/pages\/2028","targetHints":{"allow":["GET"]}}],"collection":[{"href":"https:\/\/www.transuisse.it\/de\/wp-json\/wp\/v2\/pages"}],"about":[{"href":"https:\/\/www.transuisse.it\/de\/wp-json\/wp\/v2\/types\/page"}],"author":[{"embeddable":true,"href":"https:\/\/www.transuisse.it\/de\/wp-json\/wp\/v2\/users\/1"}],"replies":[{"embeddable":true,"href":"https:\/\/www.transuisse.it\/de\/wp-json\/wp\/v2\/comments?post=2028"}],"version-history":[{"count":15,"href":"https:\/\/www.transuisse.it\/de\/wp-json\/wp\/v2\/pages\/2028\/revisions"}],"predecessor-version":[{"id":4101,"href":"https:\/\/www.transuisse.it\/de\/wp-json\/wp\/v2\/pages\/2028\/revisions\/4101"}],"wp:attachment":[{"href":"https:\/\/www.transuisse.it\/de\/wp-json\/wp\/v2\/media?parent=2028"}],"curies":[{"name":"wp","href":"https:\/\/api.w.org\/{rel}","templated":true}]}}